{"id":88778,"date":"2021-03-19T10:20:00","date_gmt":"2021-03-19T10:20:00","guid":{"rendered":"https:\/\/undsgn.com\/uncode\/?page_id=88778"},"modified":"2025-06-03T22:56:20","modified_gmt":"2025-06-03T22:56:20","slug":"proyectos","status":"publish","type":"page","link":"https:\/\/agorarevision.cl\/?page_id=88778","title":{"rendered":"Revisiones"},"content":{"rendered":"<p>[vc_row unlock_row_content=&#8221;yes&#8221; row_height_percent=&#8221;30&#8243; override_padding=&#8221;yes&#8221; h_padding=&#8221;3&#8243; top_padding=&#8221;3&#8243; bottom_padding=&#8221;3&#8243; back_image=&#8221;110584&#8243; back_position=&#8221;center center&#8221; parallax=&#8221;yes&#8221; kburns=&#8221;yes&#8221; overlay_color=&#8221;color-892375&#8243; overlay_alpha=&#8221;83&#8243; gutter_size=&#8221;3&#8243; column_width_percent=&#8221;100&#8243; shift_y=&#8221;0&#8243; z_index=&#8221;0&#8243; uncode_shortcode_id=&#8221;208574&#8243; overlay_color_type=&#8221;uncode-palette&#8221;][vc_column column_width_percent=&#8221;100&#8243; position_horizontal=&#8221;left&#8221; position_vertical=&#8221;bottom&#8221; gutter_size=&#8221;2&#8243; override_padding=&#8221;yes&#8221; column_padding=&#8221;3&#8243; overlay_alpha=&#8221;50&#8243; shift_x=&#8221;0&#8243; shift_y=&#8221;0&#8243; shift_y_down=&#8221;0&#8243; z_index=&#8221;0&#8243; medium_width=&#8221;0&#8243; mobile_width=&#8221;0&#8243; width=&#8221;1\/1&#8243; uncode_shortcode_id=&#8221;108949&#8243;][vc_custom_heading text_color=&#8221;color-xsdn&#8221; text_font=&#8221;font-168121&#8243; text_size=&#8221;h3&#8243; text_weight=&#8221;800&#8243; text_transform=&#8221;uppercase&#8221; text_space=&#8221;fontspace-100284&#8243; uncode_shortcode_id=&#8221;139460&#8243; text_color_type=&#8221;uncode-palette&#8221;]Revisi\u00f3n Independiente[\/vc_custom_heading][\/vc_column][\/vc_row][vc_row unlock_row_content=&#8221;yes&#8221; row_height_percent=&#8221;0&#8243; override_padding=&#8221;yes&#8221; h_padding=&#8221;5&#8243; top_padding=&#8221;5&#8243; bottom_padding=&#8221;5&#8243; back_color=&#8221;color-210407&#8243; overlay_alpha=&#8221;50&#8243; gutter_size=&#8221;4&#8243; column_width_percent=&#8221;100&#8243; shift_y=&#8221;0&#8243; z_index=&#8221;0&#8243; uncode_shortcode_id=&#8221;126748&#8243; back_color_type=&#8221;uncode-palette&#8221;][vc_column column_width_percent=&#8221;100&#8243; position_vertical=&#8221;middle&#8221; gutter_size=&#8221;2&#8243; style=&#8221;dark&#8221; overlay_alpha=&#8221;50&#8243; shift_x=&#8221;0&#8243; shift_y=&#8221;0&#8243; shift_y_down=&#8221;0&#8243; z_index=&#8221;0&#8243; medium_width=&#8221;0&#8243; mobile_width=&#8221;0&#8243; width=&#8221;1\/1&#8243; uncode_shortcode_id=&#8221;185259&#8243;][vc_custom_heading heading_semantic=&#8221;h3&#8243; text_font=&#8221;font-168121&#8243; text_weight=&#8221;300&#8243; uncode_shortcode_id=&#8221;148664&#8243;]<\/p>\n<h2><strong>Garantizando cumplimiento normativo desde 2019<\/strong><\/h2>\n<h4>Conoce nuestra trayectoria en revisi\u00f3n independiente y explora nuestra experiencia en distintas comunas. Cada proyecto refleja nuestro compromiso con la excelencia y el desarrollo urbano sostenible.<\/h4>\n<p>[\/vc_custom_heading][vc_empty_space empty_h=&#8221;2&#8243;][vc_row_inner row_inner_height_percent=&#8221;0&#8243; overlay_alpha=&#8221;50&#8243; gutter_size=&#8221;4&#8243; shift_y=&#8221;0&#8243; z_index=&#8221;0&#8243; limit_content=&#8221;&#8221;][vc_column_inner column_width_percent=&#8221;100&#8243; gutter_size=&#8221;3&#8243; style=&#8221;dark&#8221; overlay_alpha=&#8221;50&#8243; shift_x=&#8221;0&#8243; shift_y=&#8221;0&#8243; shift_y_down=&#8221;0&#8243; z_index=&#8221;0&#8243; medium_width=&#8221;3&#8243; mobile_width=&#8221;4&#8243; width=&#8221;1\/4&#8243; uncode_shortcode_id=&#8221;186977&#8243;][uncode_list larger=&#8221;yes&#8221; icon=&#8221;fa fa-arrow-right3&#8243; uncode_shortcode_id=&#8221;762724&#8243;]<\/p>\n<ul>\n<li><a href=\"https:\/\/agorarevision.cl\/?portfolio=las-condes\">Las Condes<\/a><\/li>\n<li><a href=\"https:\/\/agorarevision.cl\/?portfolio=vitacura\">Vitacura<\/a><\/li>\n<li><a href=\"https:\/\/agorarevision.cl\/?portfolio=santiago\">Santiago<\/a><\/li>\n<li><a href=\"https:\/\/agorarevision.cl\/?portfolio=providencia\">Providencia<\/a><\/li>\n<li><a href=\"https:\/\/agorarevision.cl\/?portfolio=nunoa\">\u00d1u\u00f1oa<\/a><\/li>\n<li><a href=\"https:\/\/agorarevision.cl\/?portfolio=la-florida\">La Florida<\/a><\/li>\n<li><a style=\"font-family: -apple-system, BlinkMacSystemFont, 'Segoe UI', Roboto, Oxygen-Sans, Ubuntu, Cantarell, 'Helvetica Neue', sans-serif;\" href=\"https:\/\/agorarevision.cl\/?portfolio=la-reina\">La Reina<\/a><\/li>\n<li><a href=\"https:\/\/agorarevision.cl\/?portfolio=macul-2-2\">Lo Barnechea<\/a><\/li>\n<li><a href=\"https:\/\/agorarevision.cl\/?portfolio=macul-2-3\">Pe\u00f1alol\u00e9n<\/a><\/li>\n<\/ul>\n<p>[\/uncode_list][\/vc_column_inner][vc_column_inner column_width_percent=&#8221;100&#8243; gutter_size=&#8221;3&#8243; style=&#8221;dark&#8221; overlay_alpha=&#8221;50&#8243; shift_x=&#8221;0&#8243; shift_y=&#8221;0&#8243; shift_y_down=&#8221;0&#8243; z_index=&#8221;0&#8243; medium_width=&#8221;3&#8243; mobile_width=&#8221;4&#8243; width=&#8221;1\/4&#8243; uncode_shortcode_id=&#8221;147388&#8243;][uncode_list larger=&#8221;yes&#8221; icon=&#8221;fa fa-arrow-right3&#8243; uncode_shortcode_id=&#8221;681775&#8243;]<\/p>\n<ul>\n<li><a href=\"https:\/\/agorarevision.cl\/?portfolio=cerrillos\">Cerrillos<\/a><\/li>\n<li><a href=\"https:\/\/agorarevision.cl\/?portfolio=pudahuel\">Pudahuel<\/a><\/li>\n<li><a href=\"https:\/\/agorarevision.cl\/?portfolio=san-miguel\">San Miguel<\/a><\/li>\n<li><a href=\"https:\/\/agorarevision.cl\/?portfolio=machali\">Machal\u00ed<\/a><\/li>\n<li><a href=\"https:\/\/agorarevision.cl\/?portfolio=puente-alto\">Puente Alto<\/a><\/li>\n<li><a href=\"https:\/\/agorarevision.cl\/?portfolio=renca\">Renca<\/a><\/li>\n<li><a href=\"https:\/\/agorarevision.cl\/?portfolio=san-joaquin\">San Joaqu\u00edn<\/a><\/li>\n<li><a href=\"https:\/\/agorarevision.cl\/?portfolio=macul-2\">Colina<\/a><\/li>\n<li><a href=\"https:\/\/agorarevision.cl\/?portfolio=macul-2-4-5\">Maip\u00fa<\/a><\/li>\n<\/ul>\n<p>[\/uncode_list][\/vc_column_inner][vc_column_inner column_width_percent=&#8221;100&#8243; gutter_size=&#8221;3&#8243; style=&#8221;dark&#8221; overlay_alpha=&#8221;50&#8243; shift_x=&#8221;0&#8243; shift_y=&#8221;0&#8243; shift_y_down=&#8221;0&#8243; z_index=&#8221;0&#8243; medium_width=&#8221;3&#8243; mobile_width=&#8221;4&#8243; width=&#8221;1\/4&#8243; uncode_shortcode_id=&#8221;860995&#8243;][uncode_list larger=&#8221;yes&#8221; icon=&#8221;fa fa-arrow-right3&#8243; uncode_shortcode_id=&#8221;624109&#8243;]<\/p>\n<ul>\n<li><a href=\"https:\/\/agorarevision.cl\/?portfolio=macul\">Macul<\/a><\/li>\n<li><a href=\"https:\/\/agorarevision.cl\/?portfolio=macul-2-4-3\">Padre Hurtado<\/a><\/li>\n<li><a href=\"https:\/\/agorarevision.cl\/?portfolio=huechuraba\">Huechuraba<\/a><\/li>\n<li><a href=\"https:\/\/agorarevision.cl\/?portfolio=quinta-normal\">Quinta Normal<\/a><\/li>\n<li><a href=\"https:\/\/agorarevision.cl\/?portfolio=recoleta\">Recoleta<\/a><\/li>\n<li><a href=\"https:\/\/agorarevision.cl\/?portfolio=conchali\">Conchal\u00ed<\/a><\/li>\n<li><a href=\"https:\/\/agorarevision.cl\/?portfolio=estacion-central\">Estaci\u00f3n Central<\/a><\/li>\n<li><a href=\"https:\/\/agorarevision.cl\/?portfolio=la-cisterna\">La Cisterna<\/a><\/li>\n<li><a href=\"https:\/\/agorarevision.cl\/?portfolio=macul-2-4-4\">San Bernardo<\/a><\/li>\n<\/ul>\n<p>[\/uncode_list][\/vc_column_inner][vc_column_inner column_width_percent=&#8221;100&#8243; gutter_size=&#8221;3&#8243; style=&#8221;dark&#8221; overlay_alpha=&#8221;50&#8243; shift_x=&#8221;0&#8243; shift_y=&#8221;0&#8243; shift_y_down=&#8221;0&#8243; z_index=&#8221;0&#8243; align_medium=&#8221;align_left_tablet&#8221; medium_width=&#8221;3&#8243; align_mobile=&#8221;align_left_mobile&#8221; mobile_width=&#8221;4&#8243; width=&#8221;1\/4&#8243; uncode_shortcode_id=&#8221;984654&#8243;][uncode_list larger=&#8221;yes&#8221; icon=&#8221;fa fa-arrow-right3&#8243; uncode_shortcode_id=&#8221;744564&#8243;]<\/p>\n<ul>\n<li><a href=\"https:\/\/agorarevision.cl\/?portfolio=el-quisco\">El Quisco<\/a><\/li>\n<li><a href=\"https:\/\/agorarevision.cl\/?portfolio=vina-del-mar\">Vi\u00f1a Del Mar<\/a><\/li>\n<li><a href=\"https:\/\/agorarevision.cl\/?portfolio=valparaiso\">Valpara\u00edso<\/a><\/li>\n<li><a href=\"https:\/\/agorarevision.cl\/?portfolio=la-cruz\">La Cruz<\/a><\/li>\n<li><a href=\"https:\/\/agorarevision.cl\/?portfolio=punta-arenas\">Punta Arenas<\/a><\/li>\n<li><a href=\"https:\/\/agorarevision.cl\/?portfolio=macul-2-4\">Hualp\u00e9n<\/a><\/li>\n<li><a href=\"https:\/\/agorarevision.cl\/?portfolio=macul-2-4-2\">Litueche<\/a><\/li>\n<\/ul>\n<p>[\/uncode_list][\/vc_column_inner][\/vc_row_inner][\/vc_column][\/vc_row][vc_row unlock_row_content=&#8221;yes&#8221; row_height_percent=&#8221;30&#8243; override_padding=&#8221;yes&#8221; h_padding=&#8221;3&#8243; top_padding=&#8221;3&#8243; bottom_padding=&#8221;3&#8243; back_image=&#8221;111395&#8243; back_position=&#8221;center center&#8221; parallax=&#8221;yes&#8221; overlay_color=&#8221;color-xsdn&#8221; overlay_alpha=&#8221;50&#8243; gutter_size=&#8221;3&#8243; column_width_percent=&#8221;100&#8243; shift_y=&#8221;0&#8243; z_index=&#8221;0&#8243; uncode_shortcode_id=&#8221;628337&#8243; overlay_color_type=&#8221;uncode-palette&#8221;][vc_column column_width_percent=&#8221;100&#8243; position_vertical=&#8221;middle&#8221; align_horizontal=&#8221;align_center&#8221; gutter_size=&#8221;4&#8243; overlay_alpha=&#8221;50&#8243; shift_x=&#8221;0&#8243; shift_y=&#8221;0&#8243; shift_y_down=&#8221;0&#8243; z_index=&#8221;0&#8243; medium_width=&#8221;0&#8243; mobile_width=&#8221;0&#8243; width=&#8221;1\/1&#8243; uncode_shortcode_id=&#8221;643004&#8243;][vc_custom_heading text_color=&#8221;naranjo&#8221; text_font=&#8221;font-168121&#8243; text_size=&#8221;h3&#8243; text_weight=&#8221;800&#8243; text_transform=&#8221;uppercase&#8221; text_space=&#8221;fontspace-100284&#8243; uncode_shortcode_id=&#8221;130600&#8243; text_color_type=&#8221;uncode-palette&#8221;]Pilares del Servicio AGORAREVISI\u00d3N[\/vc_custom_heading][\/vc_column][\/vc_row][vc_row unlock_row_content=&#8221;yes&#8221; row_height_percent=&#8221;0&#8243; override_padding=&#8221;yes&#8221; h_padding=&#8221;0&#8243; top_padding=&#8221;0&#8243; bottom_padding=&#8221;0&#8243; back_color=&#8221;color-892375&#8243; overlay_alpha=&#8221;50&#8243; gutter_size=&#8221;0&#8243; column_width_percent=&#8221;100&#8243; shift_y=&#8221;0&#8243; z_index=&#8221;0&#8243; uncode_shortcode_id=&#8221;155794&#8243; back_color_type=&#8221;uncode-palette&#8221;][vc_column column_width_percent=&#8221;100&#8243; align_horizontal=&#8221;align_center&#8221; gutter_size=&#8221;3&#8243; overlay_alpha=&#8221;50&#8243; shift_x=&#8221;0&#8243; shift_y=&#8221;0&#8243; shift_y_down=&#8221;0&#8243; z_index=&#8221;0&#8243; medium_width=&#8221;0&#8243; mobile_width=&#8221;0&#8243; width=&#8221;1\/1&#8243;][vc_row_inner row_inner_height_percent=&#8221;0&#8243; overlay_alpha=&#8221;50&#8243; equal_height=&#8221;yes&#8221; gutter_size=&#8221;0&#8243; shift_y=&#8221;0&#8243; z_index=&#8221;0&#8243; limit_content=&#8221;&#8221;][vc_column_inner column_width_percent=&#8221;100&#8243; gutter_size=&#8221;2&#8243; override_padding=&#8221;yes&#8221; column_padding=&#8221;5&#8243; style=&#8221;dark&#8221; overlay_alpha=&#8221;14&#8243; shift_x=&#8221;0&#8243; shift_y=&#8221;0&#8243; shift_y_down=&#8221;0&#8243; z_index=&#8221;0&#8243; medium_width=&#8221;3&#8243; mobile_width=&#8221;0&#8243; radius=&#8221;sm&#8221; width=&#8221;1\/3&#8243; uncode_shortcode_id=&#8221;149718&#8243;][vc_custom_heading text_color=&#8221;color-210407&#8243; text_font=&#8221;font-168121&#8243; text_size=&#8221;&#8221; text_weight=&#8221;400&#8243; uncode_shortcode_id=&#8221;410432&#8243; text_color_type=&#8221;uncode-palette&#8221;]01[\/vc_custom_heading][vc_custom_heading text_font=&#8221;font-168121&#8243; text_weight=&#8221;600&#8243; uncode_shortcode_id=&#8221;577854&#8243;]ASESOR\u00cdA EXPERTA[\/vc_custom_heading][uncode_list uncode_shortcode_id=&#8221;206188&#8243;]<\/p>\n<ul>\n<li>S\u00f3lida base en el conocimiento te\u00f3rico del derecho urban\u00edstico.<\/li>\n<li>Experiencia pr\u00e1ctica en el \u00e1mbito administrativo del negocio inmobiliario.<\/li>\n<li>Permanente actualizaci\u00f3n del marco normativo y jurisprudencia.<\/li>\n<li>Actitud anal\u00edtica y proactiva.<\/li>\n<\/ul>\n<p>[\/uncode_list][\/vc_column_inner][vc_column_inner column_width_percent=&#8221;100&#8243; gutter_size=&#8221;2&#8243; override_padding=&#8221;yes&#8221; column_padding=&#8221;5&#8243; style=&#8221;dark&#8221; overlay_color=&#8221;color-jevc&#8221; overlay_alpha=&#8221;13&#8243; shift_x=&#8221;0&#8243; shift_y=&#8221;0&#8243; shift_y_down=&#8221;0&#8243; z_index=&#8221;0&#8243; medium_width=&#8221;3&#8243; mobile_width=&#8221;0&#8243; radius=&#8221;sm&#8221; width=&#8221;1\/3&#8243; uncode_shortcode_id=&#8221;139581&#8243; overlay_color_type=&#8221;uncode-palette&#8221;][vc_custom_heading text_color=&#8221;color-210407&#8243; text_font=&#8221;font-168121&#8243; text_size=&#8221;&#8221; text_weight=&#8221;400&#8243; uncode_shortcode_id=&#8221;114865&#8243; text_color_type=&#8221;uncode-palette&#8221;]02[\/vc_custom_heading][vc_custom_heading text_font=&#8221;font-168121&#8243; text_weight=&#8221;600&#8243; uncode_shortcode_id=&#8221;125246&#8243;]GESTI\u00d3N EFICAZ[\/vc_custom_heading][uncode_list uncode_shortcode_id=&#8221;312160&#8243;]<\/p>\n<ul>\n<li>Construcci\u00f3n de relaciones de confianza y cooperaci\u00f3n con el cliente y la autoridad.<\/li>\n<li>Conocimiento profundo de los procedimientos, oportunidades y riesgos del rubro.<\/li>\n<li>Control y seguimiento constante de procesos y plazos, tanto internos como externos.<\/li>\n<\/ul>\n<p>[\/uncode_list][\/vc_column_inner][vc_column_inner column_width_percent=&#8221;100&#8243; gutter_size=&#8221;2&#8243; override_padding=&#8221;yes&#8221; column_padding=&#8221;5&#8243; style=&#8221;dark&#8221; overlay_color=&#8221;color-jevc&#8221; overlay_alpha=&#8221;32&#8243; shift_x=&#8221;0&#8243; shift_y=&#8221;0&#8243; shift_y_down=&#8221;0&#8243; z_index=&#8221;0&#8243; medium_width=&#8221;3&#8243; mobile_width=&#8221;0&#8243; width=&#8221;1\/3&#8243; uncode_shortcode_id=&#8221;281107&#8243; overlay_color_type=&#8221;uncode-palette&#8221;][vc_custom_heading text_color=&#8221;color-210407&#8243; text_font=&#8221;font-168121&#8243; text_size=&#8221;&#8221; text_weight=&#8221;400&#8243; uncode_shortcode_id=&#8221;149796&#8243; text_color_type=&#8221;uncode-palette&#8221;]03[\/vc_custom_heading][vc_custom_heading text_font=&#8221;font-168121&#8243; text_weight=&#8221;600&#8243; uncode_shortcode_id=&#8221;893080&#8243;]ATENCI\u00d3N PERSONAL[\/vc_custom_heading][uncode_list uncode_shortcode_id=&#8221;739793&#8243;]<\/p>\n<ul>\n<li>Respuesta r\u00e1pida y certera a nuestros clientes.<\/li>\n<li>Acompa\u00f1amiento y actitud colaborativa en todos sus requerimientos.<\/li>\n<li>Apoyo y orientaci\u00f3n en sus iniciativas inmobiliarias, en cada una de sus etapas.<\/li>\n<\/ul>\n<p>[\/uncode_list][\/vc_column_inner][\/vc_row_inner][\/vc_column][\/vc_row][vc_row unlock_row_content=&#8221;yes&#8221; row_height_percent=&#8221;0&#8243; override_padding=&#8221;yes&#8221; h_padding=&#8221;0&#8243; top_padding=&#8221;0&#8243; bottom_padding=&#8221;0&#8243; overlay_color=&#8221;color-lxmt&#8221; overlay_alpha=&#8221;33&#8243; equal_height=&#8221;yes&#8221; gutter_size=&#8221;0&#8243; column_width_percent=&#8221;100&#8243; shift_y=&#8221;0&#8243; z_index=&#8221;0&#8243; uncode_shortcode_id=&#8221;187909&#8243; overlay_color_type=&#8221;uncode-palette&#8221;][vc_column column_width_percent=&#8221;100&#8243; align_horizontal=&#8221;align_center&#8221; gutter_size=&#8221;3&#8243; override_padding=&#8221;yes&#8221; column_padding=&#8221;4&#8243; style=&#8221;dark&#8221; back_image=&#8221;112602&#8243; parallax=&#8221;yes&#8221; overlay_color=&#8221;color-lxmt&#8221; overlay_alpha=&#8221;84&#8243; shift_x=&#8221;0&#8243; shift_y=&#8221;0&#8243; shift_y_down=&#8221;0&#8243; z_index=&#8221;0&#8243; align_medium=&#8221;align_center_tablet&#8221; medium_width=&#8221;0&#8243; align_mobile=&#8221;align_center_mobile&#8221; mobile_width=&#8221;0&#8243; width=&#8221;1\/1&#8243; uncode_shortcode_id=&#8221;573624&#8243; overlay_color_type=&#8221;uncode-palette&#8221;][vc_row_inner limit_content=&#8221;&#8221;][vc_column_inner column_width_percent=&#8221;100&#8243; position_vertical=&#8221;middle&#8221; align_horizontal=&#8221;align_center&#8221; gutter_size=&#8221;3&#8243; override_padding=&#8221;yes&#8221; column_padding=&#8221;3&#8243; overlay_alpha=&#8221;50&#8243; shift_x=&#8221;0&#8243; shift_y=&#8221;0&#8243; shift_y_down=&#8221;0&#8243; z_index=&#8221;0&#8243; medium_width=&#8221;0&#8243; mobile_width=&#8221;0&#8243; width=&#8221;1\/1&#8243; uncode_shortcode_id=&#8221;102678&#8243;][vc_custom_heading text_color=&#8221;color-892375&#8243; heading_semantic=&#8221;h3&#8243; text_size=&#8221;fontsize-333620&#8243; uncode_shortcode_id=&#8221;401386&#8243; text_color_type=&#8221;uncode-palette&#8221;]Hagamos realidad tu proyecto[\/vc_custom_heading][vc_custom_heading text_color=&#8221;color-prif&#8221; heading_semantic=&#8221;h3&#8243; text_font=&#8221;font-168121&#8243; text_weight=&#8221;600&#8243; uncode_shortcode_id=&#8221;116592&#8243; text_color_type=&#8221;uncode-palette&#8221;]Cu\u00e9ntanos sobre tu desarrollo inmobiliario y trabajemos juntos en la mejor estrategia para concretarlo con \u00e9xito. En \u00c1GORA, te ofrecemos asesor\u00eda experta, visi\u00f3n estrat\u00e9gica y soluciones precisas para que cada etapa avance con certeza.<\/p>\n<p>Cont\u00e1ctanos y avancemos juntos.[\/vc_custom_heading][\/vc_column_inner][\/vc_row_inner][vc_row_inner limit_content=&#8221;&#8221;][vc_column_inner width=&#8221;1\/4&#8243;][\/vc_column_inner][vc_column_inner column_width_percent=&#8221;100&#8243; align_horizontal=&#8221;align_center&#8221; gutter_size=&#8221;3&#8243; overlay_alpha=&#8221;50&#8243; shift_x=&#8221;0&#8243; shift_y=&#8221;0&#8243; shift_y_down=&#8221;0&#8243; z_index=&#8221;0&#8243; medium_width=&#8221;0&#8243; mobile_width=&#8221;0&#8243; width=&#8221;1\/4&#8243; uncode_shortcode_id=&#8221;127332&#8243;][vc_button button_color=&#8221;color-210407&#8243; border_width=&#8221;0&#8243; css_animation=&#8221;top-t-bottom&#8221; animation_speed=&#8221;200&#8243; uncode_shortcode_id=&#8221;137538&#8243; link=&#8221;url:https%3A%2F%2Fwa.me%2F56996793054|target:_blank&#8221; button_color_type=&#8221;uncode-palette&#8221;]WhatsApp[\/vc_button][\/vc_column_inner][vc_column_inner column_width_percent=&#8221;100&#8243; align_horizontal=&#8221;align_center&#8221; gutter_size=&#8221;3&#8243; overlay_alpha=&#8221;50&#8243; shift_x=&#8221;0&#8243; shift_y=&#8221;0&#8243; shift_y_down=&#8221;0&#8243; z_index=&#8221;0&#8243; medium_width=&#8221;0&#8243; mobile_width=&#8221;0&#8243; width=&#8221;1\/4&#8243; uncode_shortcode_id=&#8221;208837&#8243;][vc_button button_color=&#8221;naranjo&#8221; border_width=&#8221;0&#8243; css_animation=&#8221;top-t-bottom&#8221; animation_delay=&#8221;200&#8243; link=&#8221;url:mailto%3Acontacto%40agorarevision.cl|target:_blank&#8221; uncode_shortcode_id=&#8221;378759&#8243; button_color_type=&#8221;uncode-palette&#8221;]e-mail[\/vc_button][\/vc_column_inner][vc_column_inner width=&#8221;1\/4&#8243;][\/vc_column_inner][\/vc_row_inner][\/vc_column][\/vc_row]<\/p>\n","protected":false},"excerpt":{"rendered":"<p>[vc_row unlock_row_content=&#8221;yes&#8221; row_height_percent=&#8221;30&#8243; override_padding=&#8221;yes&#8221; h_padding=&#8221;3&#8243; top_padding=&#8221;3&#8243; bottom_padding=&#8221;3&#8243; back_image=&#8221;110584&#8243; back_position=&#8221;center center&#8221; parallax=&#8221;yes&#8221; kburns=&#8221;yes&#8221; overlay_color=&#8221;color-892375&#8243; overlay_alpha=&#8221;83&#8243; gutter_size=&#8221;3&#8243; column_width_percent=&#8221;100&#8243; shift_y=&#8221;0&#8243; z_index=&#8221;0&#8243; uncode_shortcode_id=&#8221;208574&#8243; overlay_color_type=&#8221;uncode-palette&#8221;][vc_column [&hellip;]<\/p>\n","protected":false},"author":1,"featured_media":0,"parent":0,"menu_order":0,"comment_status":"closed","ping_status":"closed","template":"","meta":{"footnotes":""},"class_list":["post-88778","page","type-page","status-publish","hentry"],"_links":{"self":[{"href":"https:\/\/agorarevision.cl\/index.php?rest_route=\/wp\/v2\/pages\/88778","targetHints":{"allow":["GET"]}}],"collection":[{"href":"https:\/\/agorarevision.cl\/index.php?rest_route=\/wp\/v2\/pages"}],"about":[{"href":"https:\/\/agorarevision.cl\/index.php?rest_route=\/wp\/v2\/types\/page"}],"author":[{"embeddable":true,"href":"https:\/\/agorarevision.cl\/index.php?rest_route=\/wp\/v2\/users\/1"}],"replies":[{"embeddable":true,"href":"https:\/\/agorarevision.cl\/index.php?rest_route=%2Fwp%2Fv2%2Fcomments&post=88778"}],"version-history":[{"count":177,"href":"https:\/\/agorarevision.cl\/index.php?rest_route=\/wp\/v2\/pages\/88778\/revisions"}],"predecessor-version":[{"id":112783,"href":"https:\/\/agorarevision.cl\/index.php?rest_route=\/wp\/v2\/pages\/88778\/revisions\/112783"}],"wp:attachment":[{"href":"https:\/\/agorarevision.cl\/index.php?rest_route=%2Fwp%2Fv2%2Fmedia&parent=88778"}],"curies":[{"name":"wp","href":"https:\/\/api.w.org\/{rel}","templated":true}]}}